{"id":2334,"date":"2023-04-23T12:57:41","date_gmt":"2023-04-23T10:58:48","guid":{"rendered":"https:\/\/www.widum-baumann.com\/?post_type=product&#038;p=2334"},"modified":"2024-10-12T18:27:54","modified_gmt":"2024-10-12T16:27:54","slug":"1048-offweiss-vino-6x-075l","status":"publish","type":"product","link":"https:\/\/www.widum-baumann.com\/it\/produkt\/1048-offweiss-vino-6x-075l\/","title":{"rendered":"1048 OffWeiss 2023 Vino 6x 0,75L"},"content":{"rendered":"<div id=\"Description\">La vigna mista consiste di 5 variet\u00e0 diverse raccolte e fermentate insieme in una grande anfora sulle bucce. Altre tre variet\u00e0 vengono fermentate e affinate in modo classico in grandi botti di legno. Dopo un periodo di riposo di circa due settimane, il mosto nell&#8217;anfora viene pressato e riunito alle altre variet\u00e0 fermentate in modo classico. Successivamente maturano insieme in grandi botti di legno su lieviti fini fino ad essere imbottigliate un anno dopo<\/div>\n<p>&nbsp;<\/p>\n<div id=\"ProduktBrief\"><a href=\"https:\/\/www.widum-baumann.com\/wp-content\/uploads\/2024\/10\/WID-2203578-BRI-1L-Weinbriefe-Offweiss-Ita.pdf\"><img decoding=\"async\" class=\"alignnone\" src=\"\/wp-content\/uploads\/2023\/04\/Lettera-sul-vino-2022-Offweiss-italiano.png\" alt=\"Offweiss\" width=\"120\" height=\"170\" \/><\/a><\/div>\n","protected":false},"excerpt":{"rendered":"<div id=\"HeadLiner\">per 6 bottiglie in un cartone<\/div>\n<div id=\"PriceBottle\">Prezzo: 28,00 \u20ac \/ bottiglia<\/div>\n<div id=\"PriceLitre\">Prezzo: 37,33 \u20ac \/ litro<\/div>\n<div id=\"Description\">Questo vino \u00e8 vinificato secondo l&#8217;antica tradizione della vigna mista ed \u00e8 quindi molto vario, complesso, con numerose note al naso e al palato. \u00c8 un ottimo compagno versatile per i cibi.<\/div>\n","protected":false},"featured_media":2066,"comment_status":"closed","ping_status":"closed","template":"","meta":[],"product_brand":[],"product_cat":[88],"product_tag":[],"class_list":{"0":"post-2334","1":"product","2":"type-product","3":"status-publish","4":"has-post-thumbnail","6":"product_cat-vino-it","8":"first","9":"instock","10":"taxable","11":"shipping-taxable","12":"purchasable","13":"product-type-simple"},"_links":{"self":[{"href":"https:\/\/www.widum-baumann.com\/it\/wp-json\/wp\/v2\/product\/2334","targetHints":{"allow":["GET"]}}],"collection":[{"href":"https:\/\/www.widum-baumann.com\/it\/wp-json\/wp\/v2\/product"}],"about":[{"href":"https:\/\/www.widum-baumann.com\/it\/wp-json\/wp\/v2\/types\/product"}],"replies":[{"embeddable":true,"href":"https:\/\/www.widum-baumann.com\/it\/wp-json\/wp\/v2\/comments?post=2334"}],"wp:featuredmedia":[{"embeddable":true,"href":"https:\/\/www.widum-baumann.com\/it\/wp-json\/wp\/v2\/media\/2066"}],"wp:attachment":[{"href":"https:\/\/www.widum-baumann.com\/it\/wp-json\/wp\/v2\/media?parent=2334"}],"wp:term":[{"taxonomy":"product_brand","embeddable":true,"href":"https:\/\/www.widum-baumann.com\/it\/wp-json\/wp\/v2\/product_brand?post=2334"},{"taxonomy":"product_cat","embeddable":true,"href":"https:\/\/www.widum-baumann.com\/it\/wp-json\/wp\/v2\/product_cat?post=2334"},{"taxonomy":"product_tag","embeddable":true,"href":"https:\/\/www.widum-baumann.com\/it\/wp-json\/wp\/v2\/product_tag?post=2334"}],"curies":[{"name":"wp","href":"https:\/\/api.w.org\/{rel}","templated":true}]}}