{"id":1812,"date":"2022-05-18T08:26:03","date_gmt":"2022-12-07T13:40:11","guid":{"rendered":"https:\/\/www.widum-baumann.com\/?post_type=product&#038;p=1812"},"modified":"2023-04-24T10:41:18","modified_gmt":"2023-04-24T08:41:18","slug":"succo-di-mela-di-montagna-bio-1-l","status":"publish","type":"product","link":"https:\/\/www.widum-baumann.com\/it\/produkt\/succo-di-mela-di-montagna-bio-1-l\/","title":{"rendered":"Succo di mela di montagna 6x 1L"},"content":{"rendered":"<div id=\"Description\"><strong>Lavorazione di frutta fresca<\/strong><br \/>\nIl succo di mela di montagna Widum Baumann \u00e8 prodotto da frutti appena raccolti. La spremitura avviene normalmente a novembre. Solo in questo modo possiamo ottenere un succo di qualit\u00e0 eccezionale, che si distingue chiaramente in termini di freschezza e di sapore rispetto ai prodotti a base di frutta conservata. Dopo la spremitura il succo conserva parte della polpa. Ecco perch\u00e9 \u00e8 naturalmente torbido e contiene una maggiore parte di antiossidanti rispetto ai succhi filtrati.<\/div>\n<div><\/div>\n<div id=\"Description\"><strong>Solo mele, nient\u2019altro.<\/strong><br \/>\nDopo la spremitura il succo va direttamente in bottiglia, senza alcun additivo. Lavoriamo solo le migliori mele delle cinque variet\u00e0 Golden Delicious, Red Delicious, Jonagold, Topaz e Pinova. Topaz e Pinova sono variet\u00e0 di melo resistenti che permettono la coltivazione biologica senza necessit\u00e0 di trattamenti. La conservabilit\u00e0 viene garantita dall\u2019elevato contenuto di acidi e zuccheri e grazie ad un delicato processo di riscaldamento che porta il succo ad una temperatura di 78 gradi. Il successivo affinamento in bottiglia gli permette di conservarsi naturalmente, proprio come una volta.<\/div>\n<p><\/p>\n<div id=\"ProduktBrief\">\n<a href=\"\/wp-content\/uploads\/2023\/04\/Lettera-sul-prodotto-2022-Bergapfelsaft-italiano.pdf\"><img decoding=\"async\" src=\"\/wp-content\/uploads\/2023\/04\/Lettera-sul-prodotto-2022-Bergapfelsaft-italiano.png\" alt=\"Blauburgunder\"><\/a>\n<\/div>\n","protected":false},"excerpt":{"rendered":"<h3>\n<div id=\"HeadLiner\">per 6 bottiglie in un cartone<\/div>\n<\/h3>\n<div id=\"PriceBottle\">Prezzo: 5,20 \u20ac \/ bottiglia<\/div>\n<div id=\"PriceLitre\">Prezzo: 5,20 \u20ac \/ litro<\/div>\n<div id=\"Description\">Questo succo di mela \u00e8 una cuv\u00e9e di diverse variet\u00e0 presenti nella stessa proporzione in cui le mele crescono al maso. Ogni anno c&#8217;\u00e8 una messa a punto leggermente diversa, che dipende dal caldo o dal freddo della rispettiva annata, dal raccolto e dalla maturazio-ne dei frutti. Il gusto \u00e8 cremoso, ampio, rotondo e carnoso-fruttato.<\/div>\n","protected":false},"featured_media":2062,"comment_status":"closed","ping_status":"closed","template":"","meta":[],"product_brand":[],"product_cat":[34],"product_tag":[],"class_list":{"0":"post-1812","1":"product","2":"type-product","3":"status-publish","4":"has-post-thumbnail","6":"product_cat-succo-di-mela","8":"first","9":"instock","10":"taxable","11":"shipping-taxable","12":"purchasable","13":"product-type-simple"},"_links":{"self":[{"href":"https:\/\/www.widum-baumann.com\/it\/wp-json\/wp\/v2\/product\/1812","targetHints":{"allow":["GET"]}}],"collection":[{"href":"https:\/\/www.widum-baumann.com\/it\/wp-json\/wp\/v2\/product"}],"about":[{"href":"https:\/\/www.widum-baumann.com\/it\/wp-json\/wp\/v2\/types\/product"}],"replies":[{"embeddable":true,"href":"https:\/\/www.widum-baumann.com\/it\/wp-json\/wp\/v2\/comments?post=1812"}],"wp:featuredmedia":[{"embeddable":true,"href":"https:\/\/www.widum-baumann.com\/it\/wp-json\/wp\/v2\/media\/2062"}],"wp:attachment":[{"href":"https:\/\/www.widum-baumann.com\/it\/wp-json\/wp\/v2\/media?parent=1812"}],"wp:term":[{"taxonomy":"product_brand","embeddable":true,"href":"https:\/\/www.widum-baumann.com\/it\/wp-json\/wp\/v2\/product_brand?post=1812"},{"taxonomy":"product_cat","embeddable":true,"href":"https:\/\/www.widum-baumann.com\/it\/wp-json\/wp\/v2\/product_cat?post=1812"},{"taxonomy":"product_tag","embeddable":true,"href":"https:\/\/www.widum-baumann.com\/it\/wp-json\/wp\/v2\/product_tag?post=1812"}],"curies":[{"name":"wp","href":"https:\/\/api.w.org\/{rel}","templated":true}]}}