{"id":1388,"date":"2022-05-18T08:26:11","date_gmt":"2022-05-18T06:34:02","guid":{"rendered":"https:\/\/www.widum-baumann.com\/?post_type=product&#038;p=1388"},"modified":"2023-04-24T10:42:05","modified_gmt":"2023-04-24T08:42:05","slug":"topaz-6-x-075l","status":"publish","type":"product","link":"https:\/\/www.widum-baumann.com\/it\/produkt\/topaz-6-x-075l\/","title":{"rendered":"Succo di mela Topaz 6x 0,75L"},"content":{"rendered":"<div id=\"Description\">\n<strong>Lavorazione di frutta fresca<\/strong><br \/>\nIl succo di mela di montagna Widum Baumann \u00e8 prodotto da frutti appena raccolti. La spremitura avviene normalmente a novembre. Solo in questo modo possiamo ottenere un succo di qualit\u00e0 ec-cezionale, che si distingue chiaramente in termini di freschezza e di sapore rispetto ai prodotti a base di frutta conservata. Dopo la spremitura il succo conserva parte della polpa. Ecco perch\u00e9 \u00e8 naturalmente torbido e contiene una maggiore parte di antiossidanti rispetto ai succhi filtrati.<br \/>\n<strong>Solo mele, nient\u2019altro.<\/strong><br \/>\nDopo la spremitura il succo va direttamente in bottiglia, senza alcun additivo. Lavoriamo solo le mi-gliori mele della variet\u00e0 Topaz. Si tratta di una variet\u00e0 di melo resistente che permette la coltivazio-ne biologica senza necessit\u00e0 di trattamenti. La conservabilit\u00e0 viene garantita dall\u2019elevato contenuto di acidi e zuccheri e grazie ad un delicato processo di riscaldamento che porta il succo ad una tem-peratura di 78 gradi. Il successivo affinamento in bottiglia gli permette di conservarsi naturalmente, proprio come una volta.\n<\/div>\n<p><\/p>\n<div id=\"ProduktBrief\">\n<a href=\"\/wp-content\/uploads\/2023\/04\/Lettera-sul-prodotto-2022-Topaz-italiano.pdf\"><img decoding=\"async\" src=\"\/wp-content\/uploads\/2023\/04\/Lettera-sul-prodotto-2022-Topaz-italiano.png\" alt=\"Blauburgunder\"><\/a>\n<\/div>\n","protected":false},"excerpt":{"rendered":"<h3>\n<div id=\"HeadLiner\">per 6 bottiglie in un cartone<\/div>\n<\/h3>\n<div id=\"PriceBottle\">Prezzo: 5,20 \u20ac \/ bottiglia<\/div>\n<div id=\"PriceLitre\">Prezzo: 6,93 \u20ac \/ litro<\/div>\n<div id=\"Description\">Il succo di mela Topaz ha un sapore leggermente maturo con una nota di albicocca e pesca ed \u00e8 molto bevibile. Questa variet\u00e0 ha un sapore di mela molto caratteristico con una polpa fortemente pronunciata e piena. Esotico, fruttato-leggero, molto croccante. Variet\u00e0 resistente.<\/div>\n","protected":false},"featured_media":2058,"comment_status":"closed","ping_status":"closed","template":"","meta":[],"product_brand":[],"product_cat":[34],"product_tag":[],"class_list":{"0":"post-1388","1":"product","2":"type-product","3":"status-publish","4":"has-post-thumbnail","6":"product_cat-succo-di-mela","8":"first","9":"instock","10":"taxable","11":"shipping-taxable","12":"purchasable","13":"product-type-simple"},"_links":{"self":[{"href":"https:\/\/www.widum-baumann.com\/it\/wp-json\/wp\/v2\/product\/1388","targetHints":{"allow":["GET"]}}],"collection":[{"href":"https:\/\/www.widum-baumann.com\/it\/wp-json\/wp\/v2\/product"}],"about":[{"href":"https:\/\/www.widum-baumann.com\/it\/wp-json\/wp\/v2\/types\/product"}],"replies":[{"embeddable":true,"href":"https:\/\/www.widum-baumann.com\/it\/wp-json\/wp\/v2\/comments?post=1388"}],"wp:featuredmedia":[{"embeddable":true,"href":"https:\/\/www.widum-baumann.com\/it\/wp-json\/wp\/v2\/media\/2058"}],"wp:attachment":[{"href":"https:\/\/www.widum-baumann.com\/it\/wp-json\/wp\/v2\/media?parent=1388"}],"wp:term":[{"taxonomy":"product_brand","embeddable":true,"href":"https:\/\/www.widum-baumann.com\/it\/wp-json\/wp\/v2\/product_brand?post=1388"},{"taxonomy":"product_cat","embeddable":true,"href":"https:\/\/www.widum-baumann.com\/it\/wp-json\/wp\/v2\/product_cat?post=1388"},{"taxonomy":"product_tag","embeddable":true,"href":"https:\/\/www.widum-baumann.com\/it\/wp-json\/wp\/v2\/product_tag?post=1388"}],"curies":[{"name":"wp","href":"https:\/\/api.w.org\/{rel}","templated":true}]}}