{"id":838,"date":"2021-12-21T11:05:48","date_gmt":"2021-12-21T10:05:48","guid":{"rendered":"https:\/\/www.widum-baumann.com\/?page_id=838"},"modified":"2022-12-07T10:05:05","modified_gmt":"2022-12-07T09:05:05","slug":"tutela-della-privacy","status":"publish","type":"page","link":"https:\/\/www.widum-baumann.com\/it\/tutela-della-privacy\/","title":{"rendered":"Tutela della privacy"},"content":{"rendered":"<div class=\"fusion-fullwidth fullwidth-box fusion-builder-row-1 fusion-flex-container nonhundred-percent-fullwidth non-hundred-percent-height-scrolling\" style=\"--awb-border-radius-top-left:0px;--awb-border-radius-top-right:0px;--awb-border-radius-bottom-right:0px;--awb-border-radius-bottom-left:0px;--awb-flex-wrap:wrap;\" ><div class=\"fusion-builder-row fusion-row fusion-flex-align-items-flex-start fusion-flex-content-wrap\" style=\"max-width:1248px;margin-left: calc(-4% \/ 2 );margin-right: calc(-4% \/ 2 );\"><div class=\"fusion-layout-column fusion_builder_column fusion-builder-column-0 fusion_builder_column_1_1 1_1 fusion-flex-column\" style=\"--awb-bg-size:cover;--awb-width-large:100%;--awb-margin-top-large:0px;--awb-spacing-right-large:1.92%;--awb-margin-bottom-large:20px;--awb-spacing-left-large:1.92%;--awb-width-medium:100%;--awb-order-medium:0;--awb-spacing-right-medium:1.92%;--awb-spacing-left-medium:1.92%;--awb-width-small:100%;--awb-order-small:0;--awb-spacing-right-small:1.92%;--awb-spacing-left-small:1.92%;\"><div class=\"fusion-column-wrapper fusion-column-has-shadow fusion-flex-justify-content-flex-start fusion-content-layout-column\"><div class=\"fusion-text fusion-text-1\" style=\"--awb-text-transform:none;\"><h1>Tutela della Privacy<\/h1>\n<\/div><\/div><\/div><div class=\"fusion-layout-column fusion_builder_column fusion-builder-column-1 fusion_builder_column_1_1 1_1 fusion-flex-column\" style=\"--awb-bg-size:cover;--awb-width-large:100%;--awb-margin-top-large:0px;--awb-spacing-right-large:1.92%;--awb-margin-bottom-large:20px;--awb-spacing-left-large:1.92%;--awb-width-medium:100%;--awb-order-medium:0;--awb-spacing-right-medium:1.92%;--awb-spacing-left-medium:1.92%;--awb-width-small:100%;--awb-order-small:0;--awb-spacing-right-small:1.92%;--awb-spacing-left-small:1.92%;\"><div class=\"fusion-column-wrapper fusion-column-has-shadow fusion-flex-justify-content-flex-start fusion-content-layout-column\"><div class=\"fusion-text fusion-text-2\" style=\"--awb-text-transform:none;\"><h2>1. La protezione dei dati in sintesi<\/h2>\n<h3>Informazioni generali<\/h3>\n<p>Le seguenti informazioni forniscono una semplice panoramica di ci\u00f2 che accade ai vostri dati personali quando visitate questo sito web. Per dati personali si intendono tutti i dati che consentono di identificare personalmente l&#8217;utente. Per informazioni pi\u00f9 dettagliate sulla protezione dei dati, consultare la nostra dichiarazione sulla protezione dei dati in calce al presente testo.<\/p>\n<h3>Raccolta di dati su questo sito web<\/h3>\n<h4>Chi \u00e8 responsabile della raccolta dei dati su questo sito?<\/h4>\n<p>Il trattamento dei dati su questo sito web viene effettuato dal gestore del sito. I dati di contatto del gestore del sito web sono riportati nella sezione &#8220;Informazioni sul titolare del trattamento&#8221; della presente informativa sulla privacy.<\/p>\n<h4>Come raccogliamo i vostri dati?<\/h4>\n<p>Da un lato, i vostri dati sono raccolti da voi che ce li fornite. Pu\u00f2 trattarsi, ad esempio, dei dati inseriti dall&#8217;utente in un modulo di contatto.<\/p>\n<p>Altri dati vengono raccolti automaticamente o con il vostro consenso dai nostri sistemi informatici quando visitate il sito web. Si tratta principalmente di dati tecnici (ad es. browser internet, sistema operativo o tempo di visualizzazione della pagina). Questi dati vengono raccolti automaticamente non appena si entra in questo sito web.<\/p>\n<h4>Per cosa utilizziamo i vostri dati?<\/h4>\n<p>Alcuni dati vengono raccolti per garantire una fornitura senza errori del sito web. Altri dati possono essere utilizzati per analizzare il comportamento degli utenti.<\/p>\n<h4>Quali diritti avete sui vostri dati?<\/h4>\n<p>Avete il diritto di ricevere in qualsiasi momento informazioni gratuite sull&#8217;origine, il destinatario e lo scopo dei vostri dati personali memorizzati. L&#8217;utente ha inoltre il diritto di richiedere la correzione o la cancellazione di tali dati. Se avete dato il vostro consenso al trattamento dei dati, potete revocarlo in qualsiasi momento per il futuro. Avete inoltre il diritto di richiedere la limitazione del trattamento dei vostri dati personali in determinate circostanze. Inoltre, avete il diritto di presentare un reclamo all&#8217;autorit\u00e0 di vigilanza competente.<\/p>\n<p>Potete contattarci in qualsiasi momento per questo e per qualsiasi altra domanda che possiate avere sul tema della protezione dei dati.<\/p>\n<h2>2 Informazioni generali e informazioni obbligatorie<\/h2>\n<h3>Protezione dei dati<\/h3>\n<p>I gestori di queste pagine prendono molto sul serio la protezione dei vostri dati personali. Trattiamo i vostri dati personali in modo confidenziale e in conformit\u00e0 alle norme di legge sulla protezione dei dati e alla presente dichiarazione sulla protezione dei dati.<\/p>\n<p>Quando si utilizza questo sito web, vengono raccolti diversi dati personali. I dati personali sono dati che consentono di identificare personalmente l&#8217;utente. La presente Informativa sulla privacy spiega quali informazioni raccogliamo e come le utilizziamo. Spiega inoltre come e a quale scopo ci\u00f2 avviene.<\/p>\n<p>Desideriamo sottolineare che la trasmissione di dati su Internet (ad esempio, la comunicazione via e-mail) pu\u00f2 presentare lacune nella sicurezza. Non \u00e8 possibile proteggere completamente i dati dall&#8217;accesso di terzi.<\/p>\n<h3>Nota sull&#8217;ufficio responsabile<\/h3>\n<p>Il responsabile del trattamento dei dati su questo sito web \u00e8:<\/p>\n<p>Widum Baumann<br \/>\n39050 Afing\/Genesia<br \/>\nProvincia autonoma di Bolzano &#8211; Alto Adige\/Italia<\/p>\n<p>Telefono: <a href=\"callto:+39 335 6956153\">+39 335 6956153<\/a><br \/>\nE-mail: <a href=\"mailto:info@widum-baumann.de\">info@widum-baumann.de<\/a><\/p>\n<p>Il responsabile del trattamento \u00e8 la persona fisica o giuridica che, da sola o insieme ad altri, determina le finalit\u00e0 e i mezzi del trattamento dei dati personali (ad esempio, nomi, indirizzi e-mail, ecc.).<\/p>\n<h3>Periodo di stoccaggio<\/h3>\n<p>A meno che non sia indicato un periodo di conservazione pi\u00f9 specifico all&#8217;interno della presente dichiarazione sulla protezione dei dati, i vostri dati personali rimarranno presso di noi fino a quando non verr\u00e0 meno lo scopo del trattamento dei dati. Se l&#8217;utente presenta una richiesta giustificata di cancellazione o revoca il proprio consenso al trattamento dei dati, i suoi dati saranno cancellati, a meno che non vi siano altri motivi legalmente consentiti per la conservazione dei suoi dati personali (ad esempio, periodi di conservazione previsti dal diritto fiscale o commerciale); in quest&#8217;ultimo caso, i dati saranno cancellati non appena tali motivi non saranno pi\u00f9 validi.<\/p>\n<h3>Revoca del consenso al trattamento dei dati<\/h3>\n<p>Molte operazioni di trattamento dei dati sono possibili solo con il vostro esplicito consenso. \u00c8 possibile revocare il consenso gi\u00e0 dato in qualsiasi momento. La legalit\u00e0 del trattamento dei dati effettuato fino alla revoca rimane inalterata dalla revoca stessa.<\/p>\n<h3>Diritto di opporsi alla raccolta dei dati in casi specifici e al marketing diretto (Art. 21 GDPR)<\/h3>\n<p>SE IL TRATTAMENTO DEI DATI SI BASA SULL&#8217;ART. 6 ABS. 1 LIT. E O F DSGVO, AVETE IL DIRITTO DI OPPORVI IN QUALSIASI MOMENTO AL TRATTAMENTO DEI VOSTRI DATI PERSONALI PER MOTIVI DERIVANTI DALLA VOSTRA SITUAZIONE PARTICOLARE; CI\u00d2 VALE ANCHE PER LA PROFILAZIONE BASATA SU QUESTE DISPOSIZIONI. LA RISPETTIVA BASE GIURIDICA SU CUI SI FONDA IL TRATTAMENTO \u00c8 RIPORTATA NELLA PRESENTE DICHIARAZIONE SULLA PROTEZIONE DEI DATI. IN CASO DI OPPOSIZIONE, NON TRATTEREMO PI\u00d9 I VOSTRI DATI PERSONALI, A MENO CHE NON POSSIAMO DIMOSTRARE L&#8217;ESISTENZA DI MOTIVI LEGITTIMI COGENTI PER IL TRATTAMENTO CHE PREVALGONO SUI VOSTRI INTERESSI, DIRITTI E LIBERT\u00c0, OPPURE IL TRATTAMENTO \u00c8 FINALIZZATO A FAR VALERE, ESERCITARE O DIFENDERE DIRITTI LEGALI (OPPOSIZIONE AI SENSI DELL&#8217;ARTICOLO 21, PARAGRAFO 1, DEL DSGVO).<\/p>\n<p>SE I VOSTRI DATI PERSONALI SONO TRATTATI PER FINALIT\u00c0 DI MARKETING DIRETTO, AVETE IL DIRITTO DI OPPORVI IN QUALSIASI MOMENTO AL TRATTAMENTO DEI DATI PERSONALI CHE VI RIGUARDANO AI FINI DI TALE MARKETING; CI\u00d2 VALE ANCHE PER LA PROFILAZIONE NELLA MISURA IN CUI \u00c8 CONNESSA A TALE MARKETING DIRETTO. IN CASO DI OPPOSIZIONE, I VOSTRI DATI PERSONALI NON SARANNO PI\u00d9 UTILIZZATI PER SCOPI DI MARKETING DIRETTO (OPPOSIZIONE AI SENSI DELL&#8217;ARTICOLO 21, PARAGRAFO 2, DELLA LEGGE TEDESCA SULLA PROTEZIONE DEI DATI).<\/p>\n<h3>Diritto di ricorso all&#8217;autorit\u00e0 di vigilanza competente<\/h3>\n<p>In caso di violazione del GDPR, gli interessati hanno il diritto di ricorrere a un&#8217;autorit\u00e0 di controllo, in particolare nello Stato membro in cui risiedono abitualmente, in cui lavorano o in cui si \u00e8 verificata la presunta violazione. Il diritto di ricorso non pregiudica alcun altro ricorso amministrativo o giudiziario.<\/p>\n<h3>Diritto alla portabilit\u00e0 dei dati<\/h3>\n<p>Avete il diritto di ottenere che i dati da noi trattati automaticamente sulla base del vostro consenso o in esecuzione di un contratto siano consegnati a voi o a terzi in un formato comune e leggibile a macchina. Se richiedete il trasferimento diretto dei dati a un altro responsabile, ci\u00f2 avverr\u00e0 solo nella misura in cui sia tecnicamente possibile.<\/p>\n<h3>Informazioni, cancellazione e correzione<\/h3>\n<p>Nell&#8217;ambito delle disposizioni di legge applicabili, avete il diritto di ottenere in qualsiasi momento informazioni gratuite sui vostri dati personali memorizzati, sulla loro origine e sul loro destinatario e sullo scopo del trattamento dei dati e, se del caso, il diritto alla correzione o alla cancellazione di tali dati. Potete contattarci in qualsiasi momento in merito a questa e ad altre domande sul tema dei dati personali.<\/p>\n<h3>Diritto alla limitazione del trattamento<\/h3>\n<p>Avete il diritto di richiedere la limitazione del trattamento dei vostri dati personali. A tal fine, potete contattarci in qualsiasi momento. Il diritto alla limitazione del trattamento sussiste nei seguenti casi:<\/p>\n<ul>\n<li>Se l&#8217;utente contesta l&#8217;accuratezza dei suoi dati personali memorizzati da noi, di solito abbiamo bisogno di tempo per verificarlo. Per tutta la durata della verifica, avete il diritto di chiedere la limitazione del trattamento dei vostri dati personali.<\/li>\n<li>Se il trattamento dei vostri dati personali \u00e8 avvenuto\/sta avvenendo in modo illecito, potete richiedere la limitazione del trattamento dei dati invece della cancellazione.<\/li>\n<li>Se non abbiamo pi\u00f9 bisogno dei vostri dati personali, ma ne avete bisogno per esercitare, difendere o far valere diritti legali, avete il diritto di richiedere la limitazione del trattamento dei vostri dati personali invece della cancellazione.<\/li>\n<li>Se avete presentato un&#8217;obiezione ai sensi dell&#8217;art. 21 (1) DSGVO, deve essere effettuato un bilanciamento tra i vostri e i nostri interessi. Finch\u00e9 non \u00e8 ancora stato stabilito quali interessi prevalgono, avete il diritto di chiedere la limitazione del trattamento dei vostri dati personali.<\/li>\n<\/ul>\n<p>Se avete limitato il trattamento dei vostri dati personali, questi potranno essere trattati &#8211; oltre che archiviati &#8211; solo con il vostro consenso o per l&#8217;affermazione, l&#8217;esercizio o la difesa di diritti legali o per la tutela dei diritti di un&#8217;altra persona fisica o giuridica o per motivi di rilevante interesse pubblico dell&#8217;Unione europea o di uno Stato membro.<\/p>\n<\/div><\/div><\/div><\/div><\/div>\n","protected":false},"excerpt":{"rendered":"","protected":false},"author":3,"featured_media":0,"parent":0,"menu_order":0,"comment_status":"closed","ping_status":"open","template":"","meta":{"footnotes":""},"class_list":["post-838","page","type-page","status-publish","hentry"],"_links":{"self":[{"href":"https:\/\/www.widum-baumann.com\/it\/wp-json\/wp\/v2\/pages\/838","targetHints":{"allow":["GET"]}}],"collection":[{"href":"https:\/\/www.widum-baumann.com\/it\/wp-json\/wp\/v2\/pages"}],"about":[{"href":"https:\/\/www.widum-baumann.com\/it\/wp-json\/wp\/v2\/types\/page"}],"author":[{"embeddable":true,"href":"https:\/\/www.widum-baumann.com\/it\/wp-json\/wp\/v2\/users\/3"}],"replies":[{"embeddable":true,"href":"https:\/\/www.widum-baumann.com\/it\/wp-json\/wp\/v2\/comments?post=838"}],"version-history":[{"count":8,"href":"https:\/\/www.widum-baumann.com\/it\/wp-json\/wp\/v2\/pages\/838\/revisions"}],"predecessor-version":[{"id":1761,"href":"https:\/\/www.widum-baumann.com\/it\/wp-json\/wp\/v2\/pages\/838\/revisions\/1761"}],"wp:attachment":[{"href":"https:\/\/www.widum-baumann.com\/it\/wp-json\/wp\/v2\/media?parent=838"}],"curies":[{"name":"wp","href":"https:\/\/api.w.org\/{rel}","templated":true}]}}