{"id":2160,"date":"2023-03-27T10:49:37","date_gmt":"2023-03-27T08:49:37","guid":{"rendered":"https:\/\/www.widum-baumann.com\/bio-apfelsaft-vom-bergbauernhof-widum-baumann\/"},"modified":"2023-04-16T23:10:19","modified_gmt":"2023-04-16T21:10:19","slug":"succo-di-mela-biologico-del-maso-di-montagna-widum-baumann","status":"publish","type":"page","link":"https:\/\/www.widum-baumann.com\/it\/succo-di-mela-biologico-del-maso-di-montagna-widum-baumann\/","title":{"rendered":"Succo di mela biologico del maso di montagna Widum Baumann"},"content":{"rendered":"<div class=\"fusion-fullwidth fullwidth-box fusion-builder-row-1 fusion-flex-container has-pattern-background has-mask-background nonhundred-percent-fullwidth non-hundred-percent-height-scrolling\" style=\"--awb-border-radius-top-left:0px;--awb-border-radius-top-right:0px;--awb-border-radius-bottom-right:0px;--awb-border-radius-bottom-left:0px;--awb-flex-wrap:wrap;\" ><div class=\"fusion-builder-row fusion-row fusion-flex-align-items-flex-start fusion-flex-content-wrap\" style=\"max-width:1248px;margin-left: calc(-4% \/ 2 );margin-right: calc(-4% \/ 2 );\"><div class=\"fusion-layout-column fusion_builder_column fusion-builder-column-0 fusion_builder_column_1_1 1_1 fusion-flex-column\" style=\"--awb-bg-size:cover;--awb-width-large:100%;--awb-margin-top-large:0px;--awb-spacing-right-large:1.92%;--awb-margin-bottom-large:20px;--awb-spacing-left-large:1.92%;--awb-width-medium:100%;--awb-order-medium:0;--awb-spacing-right-medium:1.92%;--awb-spacing-left-medium:1.92%;--awb-width-small:100%;--awb-order-small:0;--awb-spacing-right-small:1.92%;--awb-spacing-left-small:1.92%;\"><div class=\"fusion-column-wrapper fusion-column-has-shadow fusion-flex-justify-content-flex-start fusion-content-layout-column\"><div class=\"fusion-text fusion-text-1\"><h1><strong>Succo di mela biologico del maso di montagna Widum Baumann<\/strong><\/h1>\n<\/div><\/div><\/div><div class=\"fusion-layout-column fusion_builder_column fusion-builder-column-1 fusion_builder_column_1_1 1_1 fusion-flex-column\" style=\"--awb-bg-size:cover;--awb-width-large:100%;--awb-margin-top-large:0px;--awb-spacing-right-large:1.92%;--awb-margin-bottom-large:20px;--awb-spacing-left-large:1.92%;--awb-width-medium:100%;--awb-order-medium:0;--awb-spacing-right-medium:1.92%;--awb-spacing-left-medium:1.92%;--awb-width-small:100%;--awb-order-small:0;--awb-spacing-right-small:1.92%;--awb-spacing-left-small:1.92%;\"><div class=\"fusion-column-wrapper fusion-column-has-shadow fusion-flex-justify-content-flex-start fusion-content-layout-column\"><div class=\"fusion-text fusion-text-2\"><h2><strong>Tre motivi<\/strong><\/h2>\n<\/div><div class=\"fusion-text fusion-text-3\"><p><strong>1.<\/strong> Ad un\u2019altitudine di 1.048 metri, sulle pendici soleggiate del Salto tra Bolzano, Merano e la Val Sarentino, crescono e maturano mele dal gusto inconfondibile. I frutti che coltiviamo qui da 40 anni possono sviluppare appieno il loro aroma grazie alle forti escursioni termiche tra giorno e notte e sono ricchi di preziosi ingredienti naturali e sostanze nutritive.<\/p>\n<\/div><div class=\"fusion-text fusion-text-4\"><p><strong>2.<\/strong> Condizioni climatiche ottimali, l\u2019impiego di frutta appena raccolta, l\u2019accurata lavorazione nel rispetto delle linee guida per l\u2019agricoltura biologica: tutto ci\u00f2 fa del nostro succo di mela un prodotto di elevata qualit\u00e0, pi\u00f9 volte premiato come uno dei migliori in Alto Adige.<\/p>\n<\/div><div class=\"fusion-text fusion-text-5\"><h2><strong>Solo mela, nient\u2018altro<\/strong><\/h2>\n<\/div><div class=\"fusion-text fusion-text-6\"><p><strong>3.<\/strong> Niente chimica, niente metodi di filtraggio. Usiamo solo la natura: il sole, l&#8217;acqua e le sostanze nutritive del terreno. In bottiglia non troverete nessun additivo, solo mele pure.<\/p>\n<\/div><\/div><\/div><div class=\"fusion-layout-column fusion_builder_column fusion-builder-column-2 fusion_builder_column_1_1 1_1 fusion-flex-column\" style=\"--awb-bg-size:cover;--awb-width-large:100%;--awb-margin-top-large:0px;--awb-spacing-right-large:1.92%;--awb-margin-bottom-large:20px;--awb-spacing-left-large:1.92%;--awb-width-medium:100%;--awb-order-medium:0;--awb-spacing-right-medium:1.92%;--awb-spacing-left-medium:1.92%;--awb-width-small:100%;--awb-order-small:0;--awb-spacing-right-small:1.92%;--awb-spacing-left-small:1.92%;\"><div class=\"fusion-column-wrapper fusion-column-has-shadow fusion-flex-justify-content-flex-start fusion-content-layout-column\"><div class=\"fusion-woo-product-grid fusion-product-archive fusion-woo-product-grid-1 fusion-woo-product-grid-spacing-off hide-price hide-rating\" style=\"--awb-grid-box-color:#e0e0e0;--awb-grid-border-color:#939292;--awb-grid-separator-color:#939292;\"><ul class=\"products products-5\"><li class=\"product type-product post-1392 status-publish first instock product_cat-succo-di-mela has-post-thumbnail taxable shipping-taxable purchasable product-type-simple product-grid-view\">\n\t<div class=\"fusion-product-wrapper\">\n<a href=\"https:\/\/www.widum-baumann.com\/it\/produkt\/succo-di-mela-di-montagna-bio-025-l\/\" class=\"product-images\" aria-label=\"Succo di mela di montagna 24x 0,25L\">\n\n<div class=\"featured-image\">\n\t\t<img decoding=\"async\" width=\"300\" height=\"300\" src=\"https:\/\/www.widum-baumann.com\/wp-content\/uploads\/2023\/03\/BIO-Bergapfelsaft-klein-300x300.png\" class=\"attachment-woocommerce_thumbnail size-woocommerce_thumbnail wp-post-image\" alt=\"\" srcset=\"https:\/\/www.widum-baumann.com\/wp-content\/uploads\/2023\/03\/BIO-Bergapfelsaft-klein-66x66.png 66w, https:\/\/www.widum-baumann.com\/wp-content\/uploads\/2023\/03\/BIO-Bergapfelsaft-klein-150x150.png 150w, https:\/\/www.widum-baumann.com\/wp-content\/uploads\/2023\/03\/BIO-Bergapfelsaft-klein-200x200.png 200w, https:\/\/www.widum-baumann.com\/wp-content\/uploads\/2023\/03\/BIO-Bergapfelsaft-klein-300x300.png 300w, https:\/\/www.widum-baumann.com\/wp-content\/uploads\/2023\/03\/BIO-Bergapfelsaft-klein-400x400.png 400w, https:\/\/www.widum-baumann.com\/wp-content\/uploads\/2023\/03\/BIO-Bergapfelsaft-klein-600x600.png 600w, https:\/\/www.widum-baumann.com\/wp-content\/uploads\/2023\/03\/BIO-Bergapfelsaft-klein-768x768.png 768w, https:\/\/www.widum-baumann.com\/wp-content\/uploads\/2023\/03\/BIO-Bergapfelsaft-klein-800x800.png 800w, https:\/\/www.widum-baumann.com\/wp-content\/uploads\/2023\/03\/BIO-Bergapfelsaft-klein.png 1000w\" sizes=\"(max-width: 300px) 100vw, 300px\" \/>\n\t\t\t\t\t\t<div class=\"cart-loading\"><i class=\"awb-icon-spinner\" aria-hidden=\"true\"><\/i><\/div>\n\t\t\t<\/div>\n<\/a>\n<div class=\"fusion-product-content\">\n\t<div class=\"product-details\">\n\t\t<div class=\"product-details-container\">\n<h3 class=\"product-title\">\n\t<a href=\"https:\/\/www.widum-baumann.com\/it\/produkt\/succo-di-mela-di-montagna-bio-025-l\/\">\n\t\tSucco di mela di montagna 24x 0,25L\t<\/a>\n<\/h3>\n<div class=\"fusion-price-rating\">\n\n\t<span class=\"price\"><span class=\"woocommerce-Price-amount amount\"><bdi>60,00&nbsp;<span class=\"woocommerce-Price-currencySymbol\">&euro;<\/span><\/bdi><\/span><\/span>\n\n\n\n\t\t<\/div>\n\t<\/div>\n<\/div>\n\n\n\t<div class=\"product-buttons\">\n\t\t<div class=\"fusion-content-sep sep-double sep-solid\"><\/div>\n\t\t<div class=\"product-buttons-container clearfix\">\n\n\n\t<p class=\"wc-gzd-additional-info wc-gzd-additional-info-loop shipping-costs-info\">+Versand\/ +shipping\/ +spese di sped.<\/p>\n\n\n<a href=\"\/it\/wp-json\/wp\/v2\/pages\/2160?add-to-cart=1392\" aria-describedby=\"woocommerce_loop_add_to_cart_link_describedby_1392\" data-quantity=\"1\" class=\"button product_type_simple add_to_cart_button ajax_add_to_cart\" data-product_id=\"1392\" data-product_sku=\"\" aria-label=\"Aggiungi al carrello: &quot;Succo di mela di montagna 24x 0,25L&quot;\" rel=\"nofollow\">Aggiungi al carrello<\/a>\t<span id=\"woocommerce_loop_add_to_cart_link_describedby_1392\" class=\"screen-reader-text\">\n\t\t\t<\/span>\n\n<a href=\"https:\/\/www.widum-baumann.com\/it\/produkt\/succo-di-mela-di-montagna-bio-025-l\/\" class=\"show_details_button\">\n\tDetails<\/a>\n\n\n\t<\/div>\n\t<\/div>\n\n\t<\/div> <\/div>\n<\/li>\n<li class=\"product type-product post-1812 status-publish instock product_cat-succo-di-mela has-post-thumbnail taxable shipping-taxable purchasable product-type-simple product-grid-view\">\n\t<div class=\"fusion-product-wrapper\">\n<a href=\"https:\/\/www.widum-baumann.com\/it\/produkt\/succo-di-mela-di-montagna-bio-1-l\/\" class=\"product-images\" aria-label=\"Succo di mela di montagna 6x 1L\">\n\n<div class=\"featured-image\">\n\t\t<img decoding=\"async\" width=\"300\" height=\"300\" src=\"https:\/\/www.widum-baumann.com\/wp-content\/uploads\/2023\/03\/BIO-Bergapfelsaft-300x300.png\" class=\"attachment-woocommerce_thumbnail size-woocommerce_thumbnail wp-post-image\" alt=\"\" srcset=\"https:\/\/www.widum-baumann.com\/wp-content\/uploads\/2023\/03\/BIO-Bergapfelsaft-66x66.png 66w, https:\/\/www.widum-baumann.com\/wp-content\/uploads\/2023\/03\/BIO-Bergapfelsaft-150x150.png 150w, https:\/\/www.widum-baumann.com\/wp-content\/uploads\/2023\/03\/BIO-Bergapfelsaft-200x200.png 200w, https:\/\/www.widum-baumann.com\/wp-content\/uploads\/2023\/03\/BIO-Bergapfelsaft-300x300.png 300w, https:\/\/www.widum-baumann.com\/wp-content\/uploads\/2023\/03\/BIO-Bergapfelsaft-400x400.png 400w, https:\/\/www.widum-baumann.com\/wp-content\/uploads\/2023\/03\/BIO-Bergapfelsaft-600x600.png 600w, https:\/\/www.widum-baumann.com\/wp-content\/uploads\/2023\/03\/BIO-Bergapfelsaft-768x768.png 768w, https:\/\/www.widum-baumann.com\/wp-content\/uploads\/2023\/03\/BIO-Bergapfelsaft-800x800.png 800w, https:\/\/www.widum-baumann.com\/wp-content\/uploads\/2023\/03\/BIO-Bergapfelsaft.png 1000w\" sizes=\"(max-width: 300px) 100vw, 300px\" \/>\n\t\t\t\t\t\t<div class=\"cart-loading\"><i class=\"awb-icon-spinner\" aria-hidden=\"true\"><\/i><\/div>\n\t\t\t<\/div>\n<\/a>\n<div class=\"fusion-product-content\">\n\t<div class=\"product-details\">\n\t\t<div class=\"product-details-container\">\n<h3 class=\"product-title\">\n\t<a href=\"https:\/\/www.widum-baumann.com\/it\/produkt\/succo-di-mela-di-montagna-bio-1-l\/\">\n\t\tSucco di mela di montagna 6x 1L\t<\/a>\n<\/h3>\n<div class=\"fusion-price-rating\">\n\n\t<span class=\"price\"><span class=\"woocommerce-Price-amount amount\"><bdi>31,20&nbsp;<span class=\"woocommerce-Price-currencySymbol\">&euro;<\/span><\/bdi><\/span><\/span>\n\n\n\n\t\t<\/div>\n\t<\/div>\n<\/div>\n\n\n\t<div class=\"product-buttons\">\n\t\t<div class=\"fusion-content-sep sep-double sep-solid\"><\/div>\n\t\t<div class=\"product-buttons-container clearfix\">\n\n\n\t<p class=\"wc-gzd-additional-info wc-gzd-additional-info-loop shipping-costs-info\">+Versand\/ +shipping\/ +spese di sped.<\/p>\n\n\n<a href=\"\/it\/wp-json\/wp\/v2\/pages\/2160?add-to-cart=1812\" aria-describedby=\"woocommerce_loop_add_to_cart_link_describedby_1812\" data-quantity=\"1\" class=\"button product_type_simple add_to_cart_button ajax_add_to_cart\" data-product_id=\"1812\" data-product_sku=\"66\" aria-label=\"Aggiungi al carrello: &quot;Succo di mela di montagna 6x 1L&quot;\" rel=\"nofollow\">Aggiungi al carrello<\/a>\t<span id=\"woocommerce_loop_add_to_cart_link_describedby_1812\" class=\"screen-reader-text\">\n\t\t\t<\/span>\n\n<a href=\"https:\/\/www.widum-baumann.com\/it\/produkt\/succo-di-mela-di-montagna-bio-1-l\/\" class=\"show_details_button\">\n\tDetails<\/a>\n\n\n\t<\/div>\n\t<\/div>\n\n\t<\/div> <\/div>\n<\/li>\n<li class=\"product type-product post-1386 status-publish outofstock product_cat-succo-di-mela has-post-thumbnail taxable shipping-taxable purchasable product-type-simple product-grid-view\">\n\t<div class=\"fusion-product-wrapper\">\n<a href=\"https:\/\/www.widum-baumann.com\/it\/produkt\/succo-di-mela-jonagold-6x-075l\/\" class=\"product-images\" aria-label=\"Succo di mela Jonagold 6x 0,75L\">\n<div class=\"fusion-woo-badges-wrapper\">\n\t<div class=\"fusion-out-of-stock\">\n\t\t<div class=\"fusion-position-text\">\n\t\t\tnon disponibile\t\t<\/div>\n\t<\/div>\n<\/div><div class=\"featured-image\">\n\t\t<img decoding=\"async\" width=\"300\" height=\"300\" src=\"https:\/\/www.widum-baumann.com\/wp-content\/uploads\/2022\/05\/BIO-Apfelsaft-Jonagold-300x300.png\" class=\"attachment-woocommerce_thumbnail size-woocommerce_thumbnail wp-post-image\" alt=\"\" srcset=\"https:\/\/www.widum-baumann.com\/wp-content\/uploads\/2022\/05\/BIO-Apfelsaft-Jonagold-66x66.png 66w, https:\/\/www.widum-baumann.com\/wp-content\/uploads\/2022\/05\/BIO-Apfelsaft-Jonagold-150x150.png 150w, https:\/\/www.widum-baumann.com\/wp-content\/uploads\/2022\/05\/BIO-Apfelsaft-Jonagold-200x200.png 200w, https:\/\/www.widum-baumann.com\/wp-content\/uploads\/2022\/05\/BIO-Apfelsaft-Jonagold-300x300.png 300w, https:\/\/www.widum-baumann.com\/wp-content\/uploads\/2022\/05\/BIO-Apfelsaft-Jonagold-400x400.png 400w, https:\/\/www.widum-baumann.com\/wp-content\/uploads\/2022\/05\/BIO-Apfelsaft-Jonagold-600x600.png 600w, https:\/\/www.widum-baumann.com\/wp-content\/uploads\/2022\/05\/BIO-Apfelsaft-Jonagold-768x768.png 768w, https:\/\/www.widum-baumann.com\/wp-content\/uploads\/2022\/05\/BIO-Apfelsaft-Jonagold-800x800.png 800w, https:\/\/www.widum-baumann.com\/wp-content\/uploads\/2022\/05\/BIO-Apfelsaft-Jonagold.png 1000w\" sizes=\"(max-width: 300px) 100vw, 300px\" \/>\n\t\t\t\t\t\t<div class=\"cart-loading\"><i class=\"awb-icon-spinner\" aria-hidden=\"true\"><\/i><\/div>\n\t\t\t<\/div>\n<\/a>\n<div class=\"fusion-product-content\">\n\t<div class=\"product-details\">\n\t\t<div class=\"product-details-container\">\n<h3 class=\"product-title\">\n\t<a href=\"https:\/\/www.widum-baumann.com\/it\/produkt\/succo-di-mela-jonagold-6x-075l\/\">\n\t\tSucco di mela Jonagold 6x 0,75L\t<\/a>\n<\/h3>\n<div class=\"fusion-price-rating\">\n\n\t<span class=\"price\"><span class=\"woocommerce-Price-amount amount\"><bdi>31,20&nbsp;<span class=\"woocommerce-Price-currencySymbol\">&euro;<\/span><\/bdi><\/span><\/span>\n\n\n\t<p class=\"price price-unit smaller wc-gzd-additional-info wc-gzd-additional-info-loop\"><span class=\"woocommerce-Price-amount amount\">6,93&nbsp;<span class=\"woocommerce-Price-currencySymbol\">&euro;<\/span><\/span> \/  <span class=\"unit\">l<\/span><\/p>\n\n\t\t<\/div>\n\t<\/div>\n<\/div>\n\n\n\t<div class=\"product-buttons\">\n\t\t<div class=\"fusion-content-sep sep-double sep-solid\"><\/div>\n\t\t<div class=\"product-buttons-container clearfix\">\n\n\n\t<p class=\"wc-gzd-additional-info wc-gzd-additional-info-loop shipping-costs-info\">+Versand\/ +shipping\/ +spese di sped.<\/p>\n\n\n\n<a href=\"https:\/\/www.widum-baumann.com\/it\/produkt\/succo-di-mela-jonagold-6x-075l\/\" class=\"show_details_button\" style=\"float:none;max-width:none;text-align:center;\">\n\tDetails<\/a>\n\n\n\t<\/div>\n\t<\/div>\n\n\t<\/div> <\/div>\n<\/li>\n<li class=\"product type-product post-1390 status-publish instock product_cat-succo-di-mela has-post-thumbnail taxable shipping-taxable purchasable product-type-simple product-grid-view\">\n\t<div class=\"fusion-product-wrapper\">\n<a href=\"https:\/\/www.widum-baumann.com\/it\/produkt\/succo-di-mela-pinova-6x-075l\/\" class=\"product-images\" aria-label=\"Succo di mela Pinova 6x 0,75L\">\n\n<div class=\"featured-image\">\n\t\t<img decoding=\"async\" width=\"300\" height=\"300\" src=\"https:\/\/www.widum-baumann.com\/wp-content\/uploads\/2023\/03\/BIO-Apfelsaft-Pinova-300x300.png\" class=\"attachment-woocommerce_thumbnail size-woocommerce_thumbnail wp-post-image\" alt=\"\" srcset=\"https:\/\/www.widum-baumann.com\/wp-content\/uploads\/2023\/03\/BIO-Apfelsaft-Pinova-66x66.png 66w, https:\/\/www.widum-baumann.com\/wp-content\/uploads\/2023\/03\/BIO-Apfelsaft-Pinova-150x150.png 150w, https:\/\/www.widum-baumann.com\/wp-content\/uploads\/2023\/03\/BIO-Apfelsaft-Pinova-200x200.png 200w, https:\/\/www.widum-baumann.com\/wp-content\/uploads\/2023\/03\/BIO-Apfelsaft-Pinova-300x300.png 300w, https:\/\/www.widum-baumann.com\/wp-content\/uploads\/2023\/03\/BIO-Apfelsaft-Pinova-400x400.png 400w, https:\/\/www.widum-baumann.com\/wp-content\/uploads\/2023\/03\/BIO-Apfelsaft-Pinova-600x600.png 600w, https:\/\/www.widum-baumann.com\/wp-content\/uploads\/2023\/03\/BIO-Apfelsaft-Pinova-768x768.png 768w, https:\/\/www.widum-baumann.com\/wp-content\/uploads\/2023\/03\/BIO-Apfelsaft-Pinova-800x800.png 800w, https:\/\/www.widum-baumann.com\/wp-content\/uploads\/2023\/03\/BIO-Apfelsaft-Pinova.png 1000w\" sizes=\"(max-width: 300px) 100vw, 300px\" \/>\n\t\t\t\t\t\t<div class=\"cart-loading\"><i class=\"awb-icon-spinner\" aria-hidden=\"true\"><\/i><\/div>\n\t\t\t<\/div>\n<\/a>\n<div class=\"fusion-product-content\">\n\t<div class=\"product-details\">\n\t\t<div class=\"product-details-container\">\n<h3 class=\"product-title\">\n\t<a href=\"https:\/\/www.widum-baumann.com\/it\/produkt\/succo-di-mela-pinova-6x-075l\/\">\n\t\tSucco di mela Pinova 6x 0,75L\t<\/a>\n<\/h3>\n<div class=\"fusion-price-rating\">\n\n\t<span class=\"price\"><span class=\"woocommerce-Price-amount amount\"><bdi>31,20&nbsp;<span class=\"woocommerce-Price-currencySymbol\">&euro;<\/span><\/bdi><\/span><\/span>\n\n\n\n\t\t<\/div>\n\t<\/div>\n<\/div>\n\n\n\t<div class=\"product-buttons\">\n\t\t<div class=\"fusion-content-sep sep-double sep-solid\"><\/div>\n\t\t<div class=\"product-buttons-container clearfix\">\n\n\n\t<p class=\"wc-gzd-additional-info wc-gzd-additional-info-loop shipping-costs-info\">+Versand\/ +shipping\/ +spese di sped.<\/p>\n\n\n<a href=\"\/it\/wp-json\/wp\/v2\/pages\/2160?add-to-cart=1390\" aria-describedby=\"woocommerce_loop_add_to_cart_link_describedby_1390\" data-quantity=\"1\" class=\"button product_type_simple add_to_cart_button ajax_add_to_cart\" data-product_id=\"1390\" data-product_sku=\"\" aria-label=\"Aggiungi al carrello: &quot;Succo di mela Pinova 6x 0,75L&quot;\" rel=\"nofollow\">Aggiungi al carrello<\/a>\t<span id=\"woocommerce_loop_add_to_cart_link_describedby_1390\" class=\"screen-reader-text\">\n\t\t\t<\/span>\n\n<a href=\"https:\/\/www.widum-baumann.com\/it\/produkt\/succo-di-mela-pinova-6x-075l\/\" class=\"show_details_button\">\n\tDetails<\/a>\n\n\n\t<\/div>\n\t<\/div>\n\n\t<\/div> <\/div>\n<\/li>\n<li class=\"product type-product post-1388 status-publish last instock product_cat-succo-di-mela has-post-thumbnail taxable shipping-taxable purchasable product-type-simple product-grid-view\">\n\t<div class=\"fusion-product-wrapper\">\n<a href=\"https:\/\/www.widum-baumann.com\/it\/produkt\/topaz-6-x-075l\/\" class=\"product-images\" aria-label=\"Succo di mela Topaz 6x 0,75L\">\n\n<div class=\"featured-image\">\n\t\t<img decoding=\"async\" width=\"300\" height=\"300\" src=\"https:\/\/www.widum-baumann.com\/wp-content\/uploads\/2023\/03\/BIO-Apfelsaft-Topaz-300x300.png\" class=\"attachment-woocommerce_thumbnail size-woocommerce_thumbnail wp-post-image\" alt=\"\" srcset=\"https:\/\/www.widum-baumann.com\/wp-content\/uploads\/2023\/03\/BIO-Apfelsaft-Topaz-66x66.png 66w, https:\/\/www.widum-baumann.com\/wp-content\/uploads\/2023\/03\/BIO-Apfelsaft-Topaz-150x150.png 150w, https:\/\/www.widum-baumann.com\/wp-content\/uploads\/2023\/03\/BIO-Apfelsaft-Topaz-200x200.png 200w, https:\/\/www.widum-baumann.com\/wp-content\/uploads\/2023\/03\/BIO-Apfelsaft-Topaz-300x300.png 300w, https:\/\/www.widum-baumann.com\/wp-content\/uploads\/2023\/03\/BIO-Apfelsaft-Topaz-400x400.png 400w, https:\/\/www.widum-baumann.com\/wp-content\/uploads\/2023\/03\/BIO-Apfelsaft-Topaz-600x600.png 600w, https:\/\/www.widum-baumann.com\/wp-content\/uploads\/2023\/03\/BIO-Apfelsaft-Topaz-768x768.png 768w, https:\/\/www.widum-baumann.com\/wp-content\/uploads\/2023\/03\/BIO-Apfelsaft-Topaz-800x800.png 800w, https:\/\/www.widum-baumann.com\/wp-content\/uploads\/2023\/03\/BIO-Apfelsaft-Topaz.png 1000w\" sizes=\"(max-width: 300px) 100vw, 300px\" \/>\n\t\t\t\t\t\t<div class=\"cart-loading\"><i class=\"awb-icon-spinner\" aria-hidden=\"true\"><\/i><\/div>\n\t\t\t<\/div>\n<\/a>\n<div class=\"fusion-product-content\">\n\t<div class=\"product-details\">\n\t\t<div class=\"product-details-container\">\n<h3 class=\"product-title\">\n\t<a href=\"https:\/\/www.widum-baumann.com\/it\/produkt\/topaz-6-x-075l\/\">\n\t\tSucco di mela Topaz 6x 0,75L\t<\/a>\n<\/h3>\n<div class=\"fusion-price-rating\">\n\n\t<span class=\"price\"><span class=\"woocommerce-Price-amount amount\"><bdi>31,20&nbsp;<span class=\"woocommerce-Price-currencySymbol\">&euro;<\/span><\/bdi><\/span><\/span>\n\n\n\n\t\t<\/div>\n\t<\/div>\n<\/div>\n\n\n\t<div class=\"product-buttons\">\n\t\t<div class=\"fusion-content-sep sep-double sep-solid\"><\/div>\n\t\t<div class=\"product-buttons-container clearfix\">\n\n\n\t<p class=\"wc-gzd-additional-info wc-gzd-additional-info-loop shipping-costs-info\">+Versand\/ +shipping\/ +spese di sped.<\/p>\n\n\n<a href=\"\/it\/wp-json\/wp\/v2\/pages\/2160?add-to-cart=1388\" aria-describedby=\"woocommerce_loop_add_to_cart_link_describedby_1388\" data-quantity=\"1\" class=\"button product_type_simple add_to_cart_button ajax_add_to_cart\" data-product_id=\"1388\" data-product_sku=\"\" aria-label=\"Aggiungi al carrello: &quot;Succo di mela Topaz 6x 0,75L&quot;\" rel=\"nofollow\">Aggiungi al carrello<\/a>\t<span id=\"woocommerce_loop_add_to_cart_link_describedby_1388\" class=\"screen-reader-text\">\n\t\t\t<\/span>\n\n<a href=\"https:\/\/www.widum-baumann.com\/it\/produkt\/topaz-6-x-075l\/\" class=\"show_details_button\">\n\tDetails<\/a>\n\n\n\t<\/div>\n\t<\/div>\n\n\t<\/div> <\/div>\n<\/li>\n<\/ul><\/div><\/div><\/div><\/div><\/div>\n","protected":false},"excerpt":{"rendered":"","protected":false},"author":2,"featured_media":0,"parent":0,"menu_order":0,"comment_status":"closed","ping_status":"closed","template":"","meta":{"footnotes":""},"class_list":["post-2160","page","type-page","status-publish","hentry"],"_links":{"self":[{"href":"https:\/\/www.widum-baumann.com\/it\/wp-json\/wp\/v2\/pages\/2160","targetHints":{"allow":["GET"]}}],"collection":[{"href":"https:\/\/www.widum-baumann.com\/it\/wp-json\/wp\/v2\/pages"}],"about":[{"href":"https:\/\/www.widum-baumann.com\/it\/wp-json\/wp\/v2\/types\/page"}],"author":[{"embeddable":true,"href":"https:\/\/www.widum-baumann.com\/it\/wp-json\/wp\/v2\/users\/2"}],"replies":[{"embeddable":true,"href":"https:\/\/www.widum-baumann.com\/it\/wp-json\/wp\/v2\/comments?post=2160"}],"version-history":[{"count":3,"href":"https:\/\/www.widum-baumann.com\/it\/wp-json\/wp\/v2\/pages\/2160\/revisions"}],"predecessor-version":[{"id":2174,"href":"https:\/\/www.widum-baumann.com\/it\/wp-json\/wp\/v2\/pages\/2160\/revisions\/2174"}],"wp:attachment":[{"href":"https:\/\/www.widum-baumann.com\/it\/wp-json\/wp\/v2\/media?parent=2160"}],"curies":[{"name":"wp","href":"https:\/\/api.w.org\/{rel}","templated":true}]}}